{"id":3345,"date":"2026-02-22T13:40:46","date_gmt":"2026-02-22T12:40:46","guid":{"rendered":"https:\/\/lecorbusier-worldheritage.org\/liste-des-actus-10-ans\/"},"modified":"2026-02-26T11:18:55","modified_gmt":"2026-02-26T10:18:55","slug":"liste-des-actus-10-ans","status":"publish","type":"page","link":"https:\/\/lecorbusier-worldheritage.org\/es\/liste-des-actus-10-ans\/","title":{"rendered":"10 a\u00f1os"},"content":{"rendered":"","protected":false},"excerpt":{"rendered":"","protected":false},"author":1,"featured_media":0,"parent":0,"menu_order":4,"comment_status":"closed","ping_status":"closed","template":"page-news-10-list.php","meta":{"_acf_changed":false,"_bbp_topic_count":0,"_bbp_reply_count":0,"_bbp_total_topic_count":0,"_bbp_total_reply_count":0,"_bbp_voice_count":0,"_bbp_anonymous_reply_count":0,"_bbp_topic_count_hidden":0,"_bbp_reply_count_hidden":0,"_bbp_forum_subforum_count":0,"footnotes":""},"class_list":["post-3345","page","type-page","status-publish","hentry"],"acf":[],"yoast_head":"<!-- This site is optimized with the Yoast SEO plugin v27.3 - https:\/\/yoast.com\/product\/yoast-seo-wordpress\/ -->\n<title>10 a\u00f1os desde la inscripci\u00f3n de la Obra de Le Corbusier en el Patrimonio Mundial<\/title>\n<meta name=\"description\" content=\"Encuentre las noticias relacionadas con los 10 a\u00f1os de la Obra de Le Corbusier en la lista del Patrimonio Mundial de la UNESCO.\" \/>\n<meta name=\"robots\" content=\"index, follow, max-snippet:-1, max-image-preview:large, max-video-preview:-1\" \/>\n<link rel=\"canonical\" href=\"https:\/\/lecorbusier-worldheritage.org\/es\/liste-des-actus-10-ans\/\" \/>\n<meta property=\"og:locale\" content=\"es_ES\" \/>\n<meta property=\"og:type\" content=\"article\" \/>\n<meta property=\"og:title\" content=\"10 a\u00f1os desde la inscripci\u00f3n de la Obra de Le Corbusier en el Patrimonio Mundial\" \/>\n<meta property=\"og:description\" content=\"Encuentre las noticias relacionadas con los 10 a\u00f1os de la Obra de Le Corbusier en la lista del Patrimonio Mundial de la UNESCO.\" \/>\n<meta property=\"og:url\" content=\"https:\/\/lecorbusier-worldheritage.org\/es\/liste-des-actus-10-ans\/\" \/>\n<meta property=\"og:site_name\" content=\"Le Corbusier - World Heritage\" \/>\n<meta property=\"article:modified_time\" content=\"2026-02-26T10:18:55+00:00\" \/>\n<meta name=\"twitter:card\" content=\"summary_large_image\" \/>\n<meta name=\"twitter:label1\" content=\"Tiempo de lectura\" \/>\n\t<meta name=\"twitter:data1\" content=\"1 minuto\" \/>\n<script type=\"application\/ld+json\" class=\"yoast-schema-graph\">{\"@context\":\"https:\\\/\\\/schema.org\",\"@graph\":[{\"@type\":\"WebPage\",\"@id\":\"https:\\\/\\\/lecorbusier-worldheritage.org\\\/es\\\/liste-des-actus-10-ans\\\/\",\"url\":\"https:\\\/\\\/lecorbusier-worldheritage.org\\\/es\\\/liste-des-actus-10-ans\\\/\",\"name\":\"10 a\u00f1os desde la inscripci\u00f3n de la Obra de Le Corbusier en el Patrimonio Mundial\",\"isPartOf\":{\"@id\":\"https:\\\/\\\/lecorbusier-worldheritage.org\\\/es\\\/#website\"},\"datePublished\":\"2026-02-22T12:40:46+00:00\",\"dateModified\":\"2026-02-26T10:18:55+00:00\",\"description\":\"Encuentre las noticias relacionadas con los 10 a\u00f1os de la Obra de Le Corbusier en la lista del Patrimonio Mundial de la UNESCO.\",\"breadcrumb\":{\"@id\":\"https:\\\/\\\/lecorbusier-worldheritage.org\\\/es\\\/liste-des-actus-10-ans\\\/#breadcrumb\"},\"inLanguage\":\"es\",\"potentialAction\":[{\"@type\":\"ReadAction\",\"target\":[\"https:\\\/\\\/lecorbusier-worldheritage.org\\\/es\\\/liste-des-actus-10-ans\\\/\"]}]},{\"@type\":\"BreadcrumbList\",\"@id\":\"https:\\\/\\\/lecorbusier-worldheritage.org\\\/es\\\/liste-des-actus-10-ans\\\/#breadcrumb\",\"itemListElement\":[{\"@type\":\"ListItem\",\"position\":1,\"name\":\"Home\",\"item\":\"https:\\\/\\\/lecorbusier-worldheritage.org\\\/es\\\/\"},{\"@type\":\"ListItem\",\"position\":2,\"name\":\"10 a\u00f1os\"}]},{\"@type\":\"WebSite\",\"@id\":\"https:\\\/\\\/lecorbusier-worldheritage.org\\\/es\\\/#website\",\"url\":\"https:\\\/\\\/lecorbusier-worldheritage.org\\\/es\\\/\",\"name\":\"Le Corbusier - World Heritage\",\"description\":\"\",\"potentialAction\":[{\"@type\":\"SearchAction\",\"target\":{\"@type\":\"EntryPoint\",\"urlTemplate\":\"https:\\\/\\\/lecorbusier-worldheritage.org\\\/es\\\/?s={search_term_string}\"},\"query-input\":{\"@type\":\"PropertyValueSpecification\",\"valueRequired\":true,\"valueName\":\"search_term_string\"}}],\"inLanguage\":\"es\"}]}<\/script>\n<!-- \/ Yoast SEO plugin. -->","yoast_head_json":{"title":"10 a\u00f1os desde la inscripci\u00f3n de la Obra de Le Corbusier en el Patrimonio Mundial","description":"Encuentre las noticias relacionadas con los 10 a\u00f1os de la Obra de Le Corbusier en la lista del Patrimonio Mundial de la UNESCO.","robots":{"index":"index","follow":"follow","max-snippet":"max-snippet:-1","max-image-preview":"max-image-preview:large","max-video-preview":"max-video-preview:-1"},"canonical":"https:\/\/lecorbusier-worldheritage.org\/es\/liste-des-actus-10-ans\/","og_locale":"es_ES","og_type":"article","og_title":"10 a\u00f1os desde la inscripci\u00f3n de la Obra de Le Corbusier en el Patrimonio Mundial","og_description":"Encuentre las noticias relacionadas con los 10 a\u00f1os de la Obra de Le Corbusier en la lista del Patrimonio Mundial de la UNESCO.","og_url":"https:\/\/lecorbusier-worldheritage.org\/es\/liste-des-actus-10-ans\/","og_site_name":"Le Corbusier - World Heritage","article_modified_time":"2026-02-26T10:18:55+00:00","twitter_card":"summary_large_image","twitter_misc":{"Tiempo de lectura":"1 minuto"},"schema":{"@context":"https:\/\/schema.org","@graph":[{"@type":"WebPage","@id":"https:\/\/lecorbusier-worldheritage.org\/es\/liste-des-actus-10-ans\/","url":"https:\/\/lecorbusier-worldheritage.org\/es\/liste-des-actus-10-ans\/","name":"10 a\u00f1os desde la inscripci\u00f3n de la Obra de Le Corbusier en el Patrimonio Mundial","isPartOf":{"@id":"https:\/\/lecorbusier-worldheritage.org\/es\/#website"},"datePublished":"2026-02-22T12:40:46+00:00","dateModified":"2026-02-26T10:18:55+00:00","description":"Encuentre las noticias relacionadas con los 10 a\u00f1os de la Obra de Le Corbusier en la lista del Patrimonio Mundial de la UNESCO.","breadcrumb":{"@id":"https:\/\/lecorbusier-worldheritage.org\/es\/liste-des-actus-10-ans\/#breadcrumb"},"inLanguage":"es","potentialAction":[{"@type":"ReadAction","target":["https:\/\/lecorbusier-worldheritage.org\/es\/liste-des-actus-10-ans\/"]}]},{"@type":"BreadcrumbList","@id":"https:\/\/lecorbusier-worldheritage.org\/es\/liste-des-actus-10-ans\/#breadcrumb","itemListElement":[{"@type":"ListItem","position":1,"name":"Home","item":"https:\/\/lecorbusier-worldheritage.org\/es\/"},{"@type":"ListItem","position":2,"name":"10 a\u00f1os"}]},{"@type":"WebSite","@id":"https:\/\/lecorbusier-worldheritage.org\/es\/#website","url":"https:\/\/lecorbusier-worldheritage.org\/es\/","name":"Le Corbusier - World Heritage","description":"","potentialAction":[{"@type":"SearchAction","target":{"@type":"EntryPoint","urlTemplate":"https:\/\/lecorbusier-worldheritage.org\/es\/?s={search_term_string}"},"query-input":{"@type":"PropertyValueSpecification","valueRequired":true,"valueName":"search_term_string"}}],"inLanguage":"es"}]}},"_links":{"self":[{"href":"https:\/\/lecorbusier-worldheritage.org\/es\/wp-json\/wp\/v2\/pages\/3345","targetHints":{"allow":["GET"]}}],"collection":[{"href":"https:\/\/lecorbusier-worldheritage.org\/es\/wp-json\/wp\/v2\/pages"}],"about":[{"href":"https:\/\/lecorbusier-worldheritage.org\/es\/wp-json\/wp\/v2\/types\/page"}],"author":[{"embeddable":true,"href":"https:\/\/lecorbusier-worldheritage.org\/es\/wp-json\/wp\/v2\/users\/1"}],"replies":[{"embeddable":true,"href":"https:\/\/lecorbusier-worldheritage.org\/es\/wp-json\/wp\/v2\/comments?post=3345"}],"version-history":[{"count":0,"href":"https:\/\/lecorbusier-worldheritage.org\/es\/wp-json\/wp\/v2\/pages\/3345\/revisions"}],"wp:attachment":[{"href":"https:\/\/lecorbusier-worldheritage.org\/es\/wp-json\/wp\/v2\/media?parent=3345"}],"curies":[{"name":"wp","href":"https:\/\/api.w.org\/{rel}","templated":true}]}}